{"id":368,"date":"2022-01-25T09:16:25","date_gmt":"2022-01-25T09:16:25","guid":{"rendered":"http:\/\/toancaugifts.com.vn\/?post_type=product&#038;p=368"},"modified":"2022-01-25T09:35:33","modified_gmt":"2022-01-25T09:35:33","slug":"mu-bao-hiem-02","status":"publish","type":"product","link":"https:\/\/toancaugifts.com.vn\/?product=mu-bao-hiem-02","title":{"rendered":"M\u0169 b\u1ea3o hi\u1ec3m 02"},"content":{"rendered":"<p><em>Qu\u00fd kh\u00e1ch c\u00f3 nhu c\u1ea7u \u0111\u1eb7t h\u00e0ng vui l\u00f2ng li\u00ean h\u1ec7:<\/em><br \/>\n<strong>C\u00d4NG TY QU\u00c0 T\u1eb6NG TO\u00c0N C\u1ea6U<\/strong><br \/>\nPh\u00f2ng A8-15 T\u00f2a nh\u00e0 Golden West. S\u1ed1 2 L\u00ea V\u0103n Thi\u00eam, Thanh Xu\u00e2n, H\u00e0 N\u1ed9i<br \/>\nTel: <strong>0243.7324.899<\/strong><br \/>\nMobile: <strong>0934 606 471<\/strong><br \/>\nE: hn@quatangtoancau.vn<\/p>\n","protected":false},"excerpt":{"rendered":"<p>Qu\u00fd kh\u00e1ch c\u00f3 nhu c\u1ea7u \u0111\u1eb7t h\u00e0ng vui l\u00f2ng li\u00ean h\u1ec7: C\u00d4NG TY QU\u00c0 T\u1eb6NG TO\u00c0N C\u1ea6U Ph\u00f2ng A8-15 T\u00f2a nh\u00e0 Golden West. S\u1ed1 2 L\u00ea V\u0103n Thi\u00eam, Thanh Xu\u00e2n, H\u00e0 N\u1ed9i Tel: 0243.7324.899 Mobile: 0934 606 471 E: hn@quatangtoancau.vn<\/p>\n","protected":false},"featured_media":369,"comment_status":"open","ping_status":"closed","template":"","meta":{"ngg_post_thumbnail":0},"_links":{"self":[{"href":"https:\/\/toancaugifts.com.vn\/index.php?rest_route=\/wp\/v2\/product\/368"}],"collection":[{"href":"https:\/\/toancaugifts.com.vn\/index.php?rest_route=\/wp\/v2\/product"}],"about":[{"href":"https:\/\/toancaugifts.com.vn\/index.php?rest_route=\/wp\/v2\/types\/product"}],"replies":[{"embeddable":true,"href":"https:\/\/toancaugifts.com.vn\/index.php?rest_route=%2Fwp%2Fv2%2Fcomments&post=368"}],"wp:featuredmedia":[{"embeddable":true,"href":"https:\/\/toancaugifts.com.vn\/index.php?rest_route=\/wp\/v2\/media\/369"}],"wp:attachment":[{"href":"https:\/\/toancaugifts.com.vn\/index.php?rest_route=%2Fwp%2Fv2%2Fmedia&parent=368"}],"curies":[{"name":"wp","href":"https:\/\/api.w.org\/{rel}","templated":true}]}}