{"id":20,"date":"2019-06-04T17:18:13","date_gmt":"2019-06-04T17:18:13","guid":{"rendered":"http:\/\/hoangvugroup.work\/toancau\/?page_id=20"},"modified":"2022-07-01T07:43:22","modified_gmt":"2022-07-01T07:43:22","slug":"dich-vu","status":"publish","type":"page","link":"https:\/\/toancaugifts.com.vn\/?page_id=20","title":{"rendered":"D\u1ecbch v\u1ee5"},"content":{"rendered":"\t<section class=\"section\" id=\"section_188623719\">\n\t\t<div class=\"bg section-bg fill bg-fill  bg-loaded\" >\n\n\t\t\t\n\t\t\t\n\t\t\t\n\n\t\t<\/div><!-- .section-bg -->\n\n\t\t<div class=\"section-content relative\">\n\t\t\t\n<div class=\"row\"  id=\"row-953394226\">\n<div class=\"col small-12 large-12\"  ><div class=\"col-inner\"  >\n<ul>\n<li>S\u1ea3n xu\u1ea5t v\u00e0 cung c\u1ea5p qu\u00e0 t\u1eb7ng:&nbsp; Bi\u1ec3u tr\u01b0ng, Huy hi\u1ec7u, \u0111\u1ed3 \u0111\u1ec3 b\u00e0n, \u0111\u1ed3 da, \u0111\u1ed3 pha&nbsp; l\u00ea, \u0111\u1ed3 s\u1ee9\u2026<\/li>\n<li>T\u1ed5 ch\u1ee9c s\u1ef1 ki\u1ec7n, d\u00e0n d\u1ef1ng c\u00e1c ch\u01b0\u01a1ng tr\u00ecnh tri\u1ec3n l\u00e3m, showroom, h\u1ed9i ngh\u1ecb, h\u1ed9i th\u1ea3o, l\u1ec5 kh\u1edfi c\u00f4ng, \u0111\u1ed9ng th\u1ed5 v\u00e0 c\u00e1c s\u1ef1 ki\u1ec7n kh\u00e1c.<\/li>\n<li>S\u00e1ng t\u1ea1o v\u00e0 s\u1ea3n xu\u1ea5t ch\u01b0\u01a1ng tr\u00ecnh qu\u1ea3ng c\u00e1o tr\u00ean c\u00e1c ph\u01b0\u01a1ng ti\u1ec7n truy\u1ec1n th\u00f4ng<\/li>\n<li>Thi\u1ebft k\u1ebf, in \u1ea5n qu\u1ea3ng c\u00e1o tr\u00ean m\u1ecdi ch\u1ea5t li\u1ec7u.<\/li>\n<\/ul>\n<\/div><\/div>\n<\/div>\n\t\t<\/div><!-- .section-content -->\n\n\t\t\n<style scope=\"scope\">\n\n#section_188623719 {\n  padding-top: 30px;\n  padding-bottom: 30px;\n}\n<\/style>\n\t<\/section>\n\t\n","protected":false},"excerpt":{"rendered":"","protected":false},"author":1,"featured_media":0,"parent":0,"menu_order":0,"comment_status":"closed","ping_status":"closed","template":"page-blank.php","meta":{"ngg_post_thumbnail":0,"footnotes":""},"_links":{"self":[{"href":"https:\/\/toancaugifts.com.vn\/index.php?rest_route=\/wp\/v2\/pages\/20"}],"collection":[{"href":"https:\/\/toancaugifts.com.vn\/index.php?rest_route=\/wp\/v2\/pages"}],"about":[{"href":"https:\/\/toancaugifts.com.vn\/index.php?rest_route=\/wp\/v2\/types\/page"}],"author":[{"embeddable":true,"href":"https:\/\/toancaugifts.com.vn\/index.php?rest_route=\/wp\/v2\/users\/1"}],"replies":[{"embeddable":true,"href":"https:\/\/toancaugifts.com.vn\/index.php?rest_route=%2Fwp%2Fv2%2Fcomments&post=20"}],"version-history":[{"count":2,"href":"https:\/\/toancaugifts.com.vn\/index.php?rest_route=\/wp\/v2\/pages\/20\/revisions"}],"predecessor-version":[{"id":1014,"href":"https:\/\/toancaugifts.com.vn\/index.php?rest_route=\/wp\/v2\/pages\/20\/revisions\/1014"}],"wp:attachment":[{"href":"https:\/\/toancaugifts.com.vn\/index.php?rest_route=%2Fwp%2Fv2%2Fmedia&parent=20"}],"curies":[{"name":"wp","href":"https:\/\/api.w.org\/{rel}","templated":true}]}}